{"id":196,"date":"2018-03-22T20:15:27","date_gmt":"2018-03-22T19:15:27","guid":{"rendered":"http:\/\/oneday.berlin\/?page_id=196"},"modified":"2018-04-03T16:26:47","modified_gmt":"2018-04-03T14:26:47","slug":"agbs","status":"publish","type":"page","link":"https:\/\/oneday.berlin\/?page_id=196","title":{"rendered":"AGBs"},"content":{"rendered":"<p><strong>Allgemeine Gesch\u00e4ftsbedingungen<\/strong><\/p>\n<p>f\u00fcr alle Lieferungen und Leistungen von oneday.berlin und den Lieferpartnern, im Rahmen des oneday.berlin Lieferangebotes.<\/p>\n<p>OneDay \u2013 Events &amp; Services UG \/ Art-ist Bar GmbH<\/p>\n<p>Schwartzkopffstra\u00dfe 18<\/p>\n<p>10115 Berlin<\/p>\n<p>E-Mail: oneday-es-berlin@web.de<\/p>\n<p><strong>\u00a71 Vertragsabschluss<\/strong><\/p>\n<p>Die Darstellung der Produkte im Online-Shop stellt kein rechtlich bindendes Angebot, sondern einen unverbindlichen Online-Katalog dar. Durch Anklicken des Buttons \u201eBestellung abschicken\u201c geben Sie eine verbindliche Bestellung der im Warenkorb enthaltenen Waren ab. Die Best\u00e4tigung des Eingangs Ihrer Bestellung erfolgt zusammen mit der Annahme der Bestellung unmittelbar nach dem Absenden durch automatisierte E-Mail. Mit dieser E-Mail-Best\u00e4tigung ist der Kaufvertrag zustande gekommen. Die Abgabe der Ware erfolgt nur in handels\u00fcblichen Mengen. Wir behalten uns vor, Bestellungen von offensichtlichen Wiederverk\u00e4ufern zu stornieren, insbesondere bei Preisaktionen. Wir behalten uns au\u00dferdem eine generelle Auslieferung der Ware vor, wenn der Kunde oder die Adresse des Kunden negativ aufgefallen sind. Z.B. bei Nichteinhaltung der Zahlungsmodalit\u00e4ten.<\/p>\n<p>Der Vertragsschluss ist zudem, mit Verweis zu den Bestimmungen in \u00a7 11 dieser AGB, bedingt durch die Erreichung der Vollj\u00e4hrigkeit. Zudem sind Sie oder der zur Entgegennahme Berechtigte verpflichtet, bei Annahme der Warenlieferung ihre Identit\u00e4t durch Vorzeigen Ihres Personalausweises oder eines anderen, geeigneten Ausweisdokumentes nachzuweisen. Sollten Sie Ihren Ausweis nicht parat haben, wird Ihr Paket 7 Tage in einer Postfiliale in Ihrer N\u00e4he gelagert und kann gegen Vorlage des Ausweises abgeholt werden. Scheitert eine Auslieferung durch eine von Ihnen unterlassene Identifizierung, so behalten wir uns vor, unabh\u00e4ngig von allen dar\u00fcber hinausgehenden Anspr\u00fcchen, die Mehrkosten f\u00fcr die R\u00fccksendung zu verlangen.<\/p>\n<p><strong>\u00a72 Bestellvorgang<\/strong><\/p>\n<p>Wenn Sie das gew\u00fcnschte Produkt gefunden haben, k\u00f6nnen Sie dieses unverbindlich durch Anklicken des Buttons \u201eIn den Warenkorb\u201c in den Warenkorb legen. Den Inhalt des Warenkorbs k\u00f6nnen Sie jederzeit durch Anklicken des Buttons \u201eWarenkorb\u201c unverbindlich ansehen.<\/p>\n<p>Die Produkte k\u00f6nnen Sie jederzeit wieder aus dem Warenkorb entfernen. Wenn Sie die Produkte im Warenkorb kaufen wollen, klicken Sie den Button \u201eWeiter zur Kasse\u201c. Bitte geben Sie dann Ihre Daten ein. Die Pflichtangaben sind mit einem * gekennzeichnet. Eine Registrierung ist nicht erforderlich. Ihre Daten werden verschl\u00fcsselt \u00fcbertragen. Auf dieser Seite k\u00f6nnen Sie ebenfalls Ihre Eingaben nochmal \u00fcberpr\u00fcfen. Durch Anklicken des Buttons \u201eBestellung abschicken\u201c schlie\u00dfen Sie den Bestellvorgang ab. Der Vorgang l\u00e4sst sich jederzeit durch Schlie\u00dfen des Browser-Fensters abbrechen. Auf den einzelnen Seiten erhalten Sie weitere Informationen, z.B. zu Korrekturm\u00f6glichkeiten.<\/p>\n<p><strong>\u00a73 Vertragstext<\/strong><\/p>\n<p>Der Vertragstext wird auf unseren internen Systemen gespeichert. Die Allgemeinen Gesch\u00e4ftsbedingungen k\u00f6nnen Sie jederzeit auf dieser Seite einsehen. Die Bestelldaten werden Ihnen per E-Mail zugesendet. Nach Abschluss der Bestellung sind Ihre Bestelldaten aus Sicherheitsgr\u00fcnden nicht mehr \u00fcber das Internet zug\u00e4nglich. Sie k\u00f6nnen diese lediglich einsehen, wenn Sie sich registriert haben.<\/p>\n<p><strong>\u00a74 Lieferung<\/strong><\/p>\n<p>Wir behalten uns das Recht auf eine Teillieferung vor. Sollten wir von uns aus eine Teillieferung ausf\u00fchren so wird in dieser der Versandkostenanteil berechnet. Die Nachlieferungen dieser Bestellung sind dann versandkostenfrei. Sollte zwischen der ersten Teillieferung und einer Nachlieferung eine neue Bestellung von Ihnen erfolgen, so wird die Nachlieferung mit der neuen Bestellung verschickt und die Versandkostenpauschale wird erneut berechnet.<\/p>\n<p>Sind Sie mit der Bezahlung einer fr\u00fcheren Rechnung im Verzug, so sind wir berechtigt, Lieferungen zur\u00fcckzuhalten oder g\u00e4nzlich zu stornieren.<\/p>\n<p>Wir pr\u00fcfen jede Bestellung auf Unstimmigkeiten. Sollte der Verdacht eines Warenhausbetruges aufkommen, durch falsche Namensangabe oder durch Bestellungen trotz Offenbarungseides, so werden wir diesen Betrug unverz\u00fcglich zur Anzeige bringen. Beachten Sie, dass wir nur innerhalb Deutschlands verkaufen und liefern.<\/p>\n<p><strong>\u00a75 Lieferzeit<\/strong><\/p>\n<p>Wir liefern die bestellten Artikel immer so schnell wie m\u00f6glich aus. Wenn die Ware auf Lager ist, innerhalb von 3-4 Werktagen. Sollte ein Artikel nicht auf Lager sein, so wird in der Internetseite entsprechend darauf hingewiesen. Sollte ein von Ihnen bestellter Artikel f\u00e4lschlicherweise als lagernd angezeigt worden sein, so werden Sie durch unseren Kundenservice telefonisch oder per Email dar\u00fcber informiert.<\/p>\n<p><strong>\u00a76 Preise<\/strong><\/p>\n<p>Es gelten die Preise vom Tag der Bestellung, die im Warenkorb angezeigt werden. Im Preis enthalten ist die gesetzliche Umsatzsteuer.<\/p>\n<p><strong>\u00a77 Eigentumsvorbehalt<\/strong><\/p>\n<p><strong>(1) <\/strong>Bei Verbrauchern behalten wir uns das Eigentum an der Kaufsache bis zur vollst\u00e4ndigen Zahlung des Rechnungsbetrags vor. Sind Sie Unternehmer in Aus\u00fcbung Ihrer gewerblichen oder selbst\u00e4ndigen beruflichen T\u00e4tigkeit, eine juristische Person des \u00f6ffentlichen Rechts oder \u00f6ffentlich-rechtliches Sonderverm\u00f6gen, behalten wir uns das Eigentum an der Kaufsache bis zum Ausgleich aller noch offenen Forderungen aus der Gesch\u00e4ftsverbindung mit dem Besteller vor. Die entsprechenden Sicherungsrechte sind auf Dritte \u00fcbertragbar.<\/p>\n<p><strong>(2) <\/strong>Ein Recht zur Aufrechnung steht Ihnen nur zu, wenn Ihre Gegenanspr\u00fcche rechtskr\u00e4ftig festgestellt oder von uns unbestritten oder anerkannt sind. Au\u00dferdem haben Sie ein Zur\u00fcckbehaltungsrecht nur, wenn und soweit Ihr Gegenanspruch auf dem gleichen Vertragsverh\u00e4ltnis beruht.<\/p>\n<p><strong>(3) <\/strong>Befindet sich der Kunde uns gegen\u00fcber mit irgendwelchen Zahlungsverpflichtungen im Verzug, so werden s\u00e4mtliche bestehende Forderungen sofort f\u00e4llig.<\/p>\n<p><strong>\u00a78 Versandkosten<\/strong><\/p>\n<p>Die Versandkosten entnehmen Sie bitte dem Warenkorb. Die Versandkosten werden in Euro im Warenkorb und im endg\u00fcltigen Bestellformular angezeigt.<\/p>\n<p><strong>\u00a79 Zahlung<\/strong><\/p>\n<p>Die Zahlung ist lediglich per Vorkasse m\u00f6glich. Diesbez\u00fcglich erhalten Sie eine Vorabrechnung per Mail zugesandt. Dieser entnehmen Sie bitte alle Informationen.<\/p>\n<p><strong>\u00a710 R\u00fccksendung &amp; Kostentragungsvereinbarung<\/strong><\/p>\n<p>Wir bitten Sie, Ware die nicht mehr gew\u00fcnscht wird, per eMail abzubestellen. Dies ist keine zwingende Voraussetzung f\u00fcr einen Widerruf. Die Kosten des Widerrufs k\u00f6nnen &#8211; sofern nicht anders angegeben &#8211; im Zweifel dem K\u00e4ufer zu 100% zu Lasten gelegt werden. F\u00fcr alle R\u00fccksendungen schicken wir Ihnen eine R\u00fccksendemarke von DHL zu. Wenden Sie sich dazu bitte an:<\/p>\n<p>OneDay \u2013 Events &amp; Services UG \/ Art-ist Bar GmbH<\/p>\n<p>Schwartzkopffstra\u00dfe 18<\/p>\n<p>10115 Berlin<\/p>\n<p>E-Mail: oneday-es-berlin@web.de<\/p>\n<p><strong>\u00a711 Jugendschutzhinweise<\/strong><\/p>\n<p>Die Oneday-Events &amp; Services UG \/ Art-ist Bar GmbH geht nur Vertragsbeziehungen mit vollj\u00e4hrigen Kunden ein. Der Kunde versichert mit Absenden der Bestellung mindestens 18 Jahre alt zu sein. Der Kunde versichert weiterhin, dass seine Angaben bez\u00fcglich seines Alters und Namens sowohl seiner Adresse richtig sind und er hat weiterhin daf\u00fcr Sorge zu tragen, dass nur er selbst oder eine von ihm zur Entgegennahme der Lieferung erm\u00e4chtigte vollj\u00e4hrige Person die Warenlieferung entgegen nimmt. Sollten nicht vollj\u00e4hrige Personen Bestellungen unter Angabe falscher Tatsachen oder ohne Genehmigung ihrer vollj\u00e4hrigen vertretungsberechtigten Verantwortlichen veranlassen, widerruft die Oneday-Events &amp; Services UG \/ Art-ist Bar GmbH diese Vertr\u00e4ge hiermit gem\u00e4\u00df \u00a7111 BGB vorsorglich. Erh\u00e4lt die Oneday-Events &amp; Services UG \/ Art-ist Bar GmbH positive Kenntnis von einer Bestellung, welche unter Angabe falscher Angaben, insbesondere Altersangaben, ausgel\u00f6st wurde, beh\u00e4lt sich die Oneday-Events &amp; Services UG \/ Art-ist Bar GmbH neben dem Widerruf gem\u00e4\u00df des \u00a7 111 BGB die Einleitung strafrechtlicher Schritte vor. F\u00fcr die unter falschen Angaben bestellenden Minderj\u00e4hrigen haften die vollj\u00e4hrigen vertretungsberechtigten Personen gem\u00e4\u00df den gesetzlichen Vorschriften gegen\u00fcber der Oneday-Events &amp; Services UG \/ Art-ist Bar GmbH f\u00fcr den entstandenen Schaden aus allen unter den falschen Angaben gemachten Bestellungen.<\/p>\n<p><strong>\u00a712 Gefahren\u00fcbergang<\/strong><\/p>\n<p>Diese folgende Bestimmung gilt ausschlie\u00dflich f\u00fcr Kunden, die Verbraucher sind:<\/p>\n<p>Das Risiko der Besch\u00e4digung oder des Verlusts der Ware geht mit Ablieferung der Ware an den Kunden, auf diesen \u00fcber.<\/p>\n<p>Diese folgende Bestimmung gilt ausschlie\u00dflich f\u00fcr Kunden, die Unternehmer i.S.d. \u00a7 14 BGB sind:<\/p>\n<p>Das Risiko der Besch\u00e4digung oder des Verlusts der Ware soll auf den Kunden wie folgt \u00fcbergehen:<\/p>\n<ul>\n<li>\u00a0soweit die Ware nicht an unseren Gesch\u00e4ftsr\u00e4umen ausgeliefert wird, im Zeitpunkt der \u00dcbergabe an die den Transport ausf\u00fchrende Person oder wenn zwecks Versendung die Ware unser Lager verlassen hat, wird der Versand auf Wunsch des Kunden verz\u00f6gert, geht die Gefahr mit der Meldung der Versandbereitschaft auf ihn \u00fcber.<\/li>\n<li>\u00a0soweit die Ware an unseren Gesch\u00e4ftsr\u00e4umen ausgeliefert wird, in dem Zeitpunkt, in dem wir den Kunden dar\u00fcber informieren, dass die Ware zu Abholung bereit steht.<\/li>\n<\/ul>\n<p><strong>\u00a713 Gew\u00e4hrleistung bei M\u00e4ngeln<\/strong><\/p>\n<p>Wir sichern zu, dass die gelieferte Ware frei von Material- und Verarbeitungsfehlern ist Die Frist f\u00fcr die Geltendmachung der M\u00e4ngelanspr\u00fcche betr\u00e4gt 14 Tage ab Lieferung der Ware.<\/p>\n<p>Wir \u00fcbernehmen keine Verantwortung daf\u00fcr, dass die Ware f\u00fcr einen bestimmten Zweck geeignet ist, es sei denn, wir haben dieser Haftung ausdr\u00fccklich zugestimmt.<\/p>\n<p>Der Kunde darf, wenn der Kaufgegenstand mangelhaft ist, als Nacherf\u00fcllung, nach seiner Wahl die Beseitigung des Mangels oder aber die Lieferung einer mangelfreien Ware verlangen.<\/p>\n<p>Soweit ein von uns\u00a0 zu vertretender Mangel der Kaufsache vorliegt und uns mitgeteilt wurde, sind wir zur kostenfreien Ersatzlieferung oder Mangelbeseitigung berechtigt. Sind wir zur Mangelbeseitigung oder Ersatzlieferung nicht bereit oder in der Lage, ist der Kunde nach seiner Wahl berechtigt, die Wandlung (R\u00fcckg\u00e4ngigmachung des Vertrages) oder eine Minderung (Herabsetzung des Kaufpreises) zu verlangen.<\/p>\n<p>Ist der Kunde Kaufmann, hat er den Kaufgegenstand nach Ablieferung gem\u00e4\u00df \u00a7 377 HGB auf etwaige M\u00e4ngel zu untersuchen und uns festgestellte M\u00e4ngel unverz\u00fcglich anzuzeigen.<\/p>\n<p><strong>\u00a714 Haftung<\/strong><\/p>\n<p>Schadensersatzanspr\u00fcche sind unabh\u00e4ngig von der Art der Pflichtverletzung, einschlie\u00dflich unerlaubter Handlungen, ausgeschlossen, soweit nicht vors\u00e4tzliches oder grob fahrl\u00e4ssiges Handeln vorliegt.<\/p>\n<p>Bei Verletzung wesentlicher Vertragspflichten haften wir f\u00fcr jede Fahrl\u00e4ssigkeit, jedoch nur bis zur H\u00f6he des vertragstypisch vorhersehbaren Schadens.<\/p>\n<p>Ist der Kunde Unternehmer i.S.d. \u00a7 14 BGB, k\u00f6nnen Anspr\u00fcche auf entgangenen Gewinn, ersparte Aufwendungen, alle Schadensersatzanspr\u00fcche Dritter sowie auf sonstige mittelbare und Folgesch\u00e4den nicht verlangt werden, es sei denn, ein von uns\u00a0 garantiertes Beschaffenheitsmerkmal bezweckt gerade, den Kunden gegen solche Sch\u00e4den abzusichern.<\/p>\n<p>Die Haftungsbeschr\u00e4nkungen und -ausschl\u00fcsse in den Abs\u00e4tzen 1, 2 und 3 gelten nicht f\u00fcr Anspr\u00fcche, die wegen arglistigen Verhaltens unsererseits entstanden sind, sowie bei einer Haftung f\u00fcr garantierte Beschaffenheitsmerkmale, f\u00fcr Anspr\u00fcche nach dem Produkthaftungsgesetz sowie Sch\u00e4den aus der Verletzung des Lebens, des K\u00f6rpers oder der Gesundheit.<\/p>\n<p>Soweit unsere Haftung ausgeschlossen oder eingeschr\u00e4nkt ist, gilt dies auch f\u00fcr deren Angestellte, Arbeitnehmer, Vertreter und Erf\u00fcllungsgehilfen.<\/p>\n<p><strong>\u00a715 Schlussbestimmungen.<\/strong><\/p>\n<p>Sollten einzelne Bestimmungen unserer AGB unwirksam oder nichtig sein, so ber\u00fchrt dies die G\u00fcltigkeit der \u00fcbrigen Bestimmungen dieses Vertrages nicht. Gerichtsstand ist, sofern der K\u00e4ufer Unternehmer im Sinne des \u00a7 14 BGB ist, Berlin. Es findet auf alle vertraglichen Vereinbarungen deutsches Recht mit Ausnahme der UN-Kaufrechts Anwendung.<\/p>\n<p>&nbsp;<\/p>\n<p><strong>Widerrufsrecht<\/strong><\/p>\n<p>Verbrauchern steht ein Widerrufsrecht nach folgender Ma\u00dfgabe zu, wobei Verbraucher jede Nat\u00fcrlich Person ist, die ein Rechtsgesch\u00e4ft zu Zwecken abschlie\u00dft, die \u00fcberwiegend weder ihrer gewerblichen noch ihrer selbst\u00e4ndigen beruflichen T\u00e4tigkeit zugerechnet werden k\u00f6nnen:<\/p>\n<p><strong>Widerrufsrecht ab dem o1.04.2018<\/strong><\/p>\n<p><strong>Sie haben das Recht, binnen vierzehn Tagen ohne Angabe von Gr\u00fcnden diesen Vertrag zu widerrufen. Die Widerrufsfrist betr\u00e4gt vierzehn Tage ab dem Tag, &#8211; an dem Sie oder ein von Ihnen benannter Dritter, der nicht der Bef\u00f6rderer ist, die Waren in Besitz genommen haben bzw. hat, wenn Sie eine Ware oder mehrere Waren im Rahmen einer einheitlichen Bestellung bestellt haben und die Ware bzw. Waren einheitlich geliefert wird bzw. werden.\u00a0 Um Ihr Widerrufsrecht auszu\u00fcben, m\u00fcssen Sie uns mittels einer eindeutigen Erkl\u00e4rung (z.B. ein mit der Post versandter Brief, Telefax oder E-Mail) \u00fcber Ihren Entschluss, diesen Vertrag zu widerrufen, informieren. Zur Wahrung der Widerrufsfrist reicht es aus, dass Sie die Mitteilung \u00fcber die Aus\u00fcbung des Widerrufsrechts vor Ablauf der Widerrufsfrist absenden.<\/strong><\/p>\n<p><strong>Widerrufsfolgen<\/strong><\/p>\n<p><strong>Wenn Sie diesen Vertrag widerrufen, haben wir Ihnen alle Zahlungen, die wir von Ihnen erhalten haben, ausschlie\u00dflich der Lieferkosten, unverz\u00fcglich und sp\u00e4testens binnen vierzehn Tagen ab dem Tag zur\u00fcckzuzahlen, an dem die Mitteilung \u00fcber Ihren Widerruf dieses Vertrags bei uns eingegangen ist. F\u00fcr diese R\u00fcckzahlung verwenden wir dasselbe Zahlungsmittel, das Sie bei der urspr\u00fcnglichen Transaktion eingesetzt haben, es sei denn, mit Ihnen wurde ausdr\u00fccklich etwas anderes vereinbart; in keinem Fall werden Ihnen wegen dieser R\u00fcckzahlung Entgelte berechnet. Wir k\u00f6nnen die R\u00fcckzahlung verweigern, bis wir die Waren wieder zur\u00fcckerhalten haben oder bis Sie den Nachweis erbracht haben, dass Sie die Waren zur\u00fcckgesandt haben, je nachdem, welches der fr\u00fchere Zeitpunkt ist.<\/strong><\/p>\n<p><strong>Sie tragen (sofern nicht anderweitig mit uns vereinbart) die unmittelbaren Kosten der R\u00fccksendung paketversandf\u00e4higer Waren. Sie tragen auch die unmittelbaren Kosten der R\u00fccksendung nicht-paketversandf\u00e4higer Waren. Die Kosten werden auf h\u00f6chstens etwa 99,00 EUR gesch\u00e4tzt. Sie m\u00fcssen f\u00fcr einen etwaigen Wertverlust nur aufkommen, wenn dieser Wertverlust auf einen zur Pr\u00fcfung der Beschaffenheit, Eigenschaft und Funktionsweise der Waren nicht notwendigen Umgang mit Ihnen zur\u00fcckzuf\u00fchren ist.<\/strong><\/p>\n<p><strong>Ausnahmen<\/strong><\/p>\n<p><strong>Das Widerrufsrecht ist ausgeschlossen bei Waren, die nach Kundenspezifikation angefertigt werden oder eindeutig auf die pers\u00f6nlichen Bed\u00fcrfnisse zugeschnitten sind oder die auf Grund ihrer Beschaffenheit nicht f\u00fcr eine R\u00fccksendung geeignet sind oder schnell verderben k\u00f6nnen oder deren Verfalldatum \u00fcberschritten w\u00fcrde.<em>\u00a0<\/em><\/strong><\/p>\n<p><strong><em>Ende der Widerrufsbelehrung<\/em><\/strong><\/p>\n<p>&nbsp;<\/p>\n","protected":false},"excerpt":{"rendered":"<p>Allgemeine Gesch\u00e4ftsbedingungen f\u00fcr alle Lieferungen und Leistungen von oneday.berlin und den Lieferpartnern, im Rahmen des oneday.berlin Lieferangebotes. OneDay \u2013 Events &amp; Services UG \/ Art-ist Bar GmbH Schwartzkopffstra\u00dfe 18 10115 Berlin E-Mail: oneday-es-berlin@web.de \u00a71 Vertragsabschluss Die Darstellung der Produkte im Online-Shop stellt kein rechtlich bindendes Angebot, sondern einen unverbindlichen Online-Katalog dar. Durch Anklicken des Buttons <a href=\"https:\/\/oneday.berlin\/?page_id=196\" rel=\"nofollow\"><span class=\"sr-only\">Read more about AGBs<\/span>[&hellip;]<\/a><\/p>\n","protected":false},"author":2,"featured_media":0,"parent":0,"menu_order":0,"comment_status":"closed","ping_status":"closed","template":"","meta":[],"_links":{"self":[{"href":"https:\/\/oneday.berlin\/index.php?rest_route=\/wp\/v2\/pages\/196"}],"collection":[{"href":"https:\/\/oneday.berlin\/index.php?rest_route=\/wp\/v2\/pages"}],"about":[{"href":"https:\/\/oneday.berlin\/index.php?rest_route=\/wp\/v2\/types\/page"}],"author":[{"embeddable":true,"href":"https:\/\/oneday.berlin\/index.php?rest_route=\/wp\/v2\/users\/2"}],"replies":[{"embeddable":true,"href":"https:\/\/oneday.berlin\/index.php?rest_route=%2Fwp%2Fv2%2Fcomments&post=196"}],"version-history":[{"count":4,"href":"https:\/\/oneday.berlin\/index.php?rest_route=\/wp\/v2\/pages\/196\/revisions"}],"predecessor-version":[{"id":374,"href":"https:\/\/oneday.berlin\/index.php?rest_route=\/wp\/v2\/pages\/196\/revisions\/374"}],"wp:attachment":[{"href":"https:\/\/oneday.berlin\/index.php?rest_route=%2Fwp%2Fv2%2Fmedia&parent=196"}],"curies":[{"name":"wp","href":"https:\/\/api.w.org\/{rel}","templated":true}]}}