{"id":454,"date":"2018-03-22T08:05:53","date_gmt":"2018-03-22T07:05:53","guid":{"rendered":"http:\/\/oneday.berlin\/?post_type=product&#038;p=454"},"modified":"2020-12-18T16:07:53","modified_gmt":"2020-12-18T15:07:53","slug":"zigarrenbohrer-mit-auswurfmechanismus","status":"publish","type":"product","link":"https:\/\/oneday.berlin\/?product=zigarrenbohrer-mit-auswurfmechanismus","title":{"rendered":"Zigarrenbohrer mit Auswurfmechanismus"},"content":{"rendered":"","protected":false},"excerpt":{"rendered":"<p>Dieser Bohrer aus Stahl ist mit einer sehr guter Klinge ausgestattet. Der Bohrer verschwindet auf Knopfdruck nach dem Bohren, wodurch der ausgeschnittene Tabac nicht erst umst\u00e4ndlich entfernt werden mu\u00df. Dank seines Rings am oberen Ende eignet er sich bestens f\u00fcr unterwegs.<\/p>\n","protected":false},"featured_media":450,"comment_status":"open","ping_status":"closed","template":"","meta":[],"product_cat":[21],"product_tag":[34,35,24],"_links":{"self":[{"href":"https:\/\/oneday.berlin\/index.php?rest_route=\/wp\/v2\/product\/454"}],"collection":[{"href":"https:\/\/oneday.berlin\/index.php?rest_route=\/wp\/v2\/product"}],"about":[{"href":"https:\/\/oneday.berlin\/index.php?rest_route=\/wp\/v2\/types\/product"}],"replies":[{"embeddable":true,"href":"https:\/\/oneday.berlin\/index.php?rest_route=%2Fwp%2Fv2%2Fcomments&post=454"}],"wp:featuredmedia":[{"embeddable":true,"href":"https:\/\/oneday.berlin\/index.php?rest_route=\/wp\/v2\/media\/450"}],"wp:attachment":[{"href":"https:\/\/oneday.berlin\/index.php?rest_route=%2Fwp%2Fv2%2Fmedia&parent=454"}],"wp:term":[{"taxonomy":"product_cat","embeddable":true,"href":"https:\/\/oneday.berlin\/index.php?rest_route=%2Fwp%2Fv2%2Fproduct_cat&post=454"},{"taxonomy":"product_tag","embeddable":true,"href":"https:\/\/oneday.berlin\/index.php?rest_route=%2Fwp%2Fv2%2Fproduct_tag&post=454"}],"curies":[{"name":"wp","href":"https:\/\/api.w.org\/{rel}","templated":true}]}}