{"id":457,"date":"2018-04-08T19:57:13","date_gmt":"2018-04-08T17:57:13","guid":{"rendered":"http:\/\/oneday.berlin\/?post_type=product&#038;p=457"},"modified":"2018-04-08T22:19:56","modified_gmt":"2018-04-08T20:19:56","slug":"sven-van-thom-pudding-mit-frisur-i-cd","status":"publish","type":"product","link":"https:\/\/oneday.berlin\/?product=sven-van-thom-pudding-mit-frisur-i-cd","title":{"rendered":"Sven van Thom \u2013 Pudding mit Frisur I (CD)"},"content":{"rendered":"<p>Sven van Thom \u2013 Pudding mit Frisur<br \/>\nDa ist er wieder: Der sympathische Brillentr\u00e4ger mit dem b\u00f6sartigen Humor und den zarten Untert\u00f6nen.<br \/>\nSven van Thom schenkt uns im Jahre 2017 sein neues Programm: \u201ePudding mit Frisur\u201c.<br \/>\nWer hinter diesem Titel eine kulinarische Frechheit vermutet, der liegt gar nicht so verkehrt.<br \/>\nEine Frechheit ist allein schon die Diskrepanz zwischen van Thoms bitterb\u00f6sen Texten und seinem formvollendeten Auftreten, das bef\u00fcrchten l\u00e4sst,\u00a0von dem jovialen Anzugtr\u00e4ger nach der Show noch schnell eine Lebensversicherung aufgeschwatzt zu bekommen.<br \/>\nVom Fr\u00fchst\u00fccksd\u00f6ner bis zum Pudding mit Frisur besingt er alles, was sich von ihm reimen l\u00e4sst und verbl\u00fcfft mit ungelenken Tanzeinlagen,<br \/>\nderen ausufernde Schrulligkeit geheimes Spezialk\u00f6nnen vorgaukelt.<br \/>\nF\u00fcr Freunde des kaputten Humors, aber auch f\u00fcr die Liebhaber guter Musik.<\/p>\n","protected":false},"excerpt":{"rendered":"<p>Sven van Thom \u2013 Pudding mit Frisur Da ist er wieder: Der sympathische Brillentr\u00e4ger mit dem b\u00f6sartigen Humor und den zarten Untert\u00f6nen. Sven van Thom schenkt uns im Jahre 2017 sein neues Programm: \u201ePudding mit Frisur\u201c. Wer hinter diesem Titel eine kulinarische Frechheit vermutet, der liegt gar nicht so verkehrt. Eine Frechheit ist allein schon <a href=\"https:\/\/oneday.berlin\/?product=sven-van-thom-pudding-mit-frisur-i-cd\" rel=\"nofollow\"><span class=\"sr-only\">Read more about Sven van Thom \u2013 Pudding mit Frisur I (CD)<\/span>[&hellip;]<\/a><\/p>\n","protected":false},"featured_media":458,"comment_status":"open","ping_status":"closed","template":"","meta":[],"product_cat":[40,38],"product_tag":[36,37],"_links":{"self":[{"href":"https:\/\/oneday.berlin\/index.php?rest_route=\/wp\/v2\/product\/457"}],"collection":[{"href":"https:\/\/oneday.berlin\/index.php?rest_route=\/wp\/v2\/product"}],"about":[{"href":"https:\/\/oneday.berlin\/index.php?rest_route=\/wp\/v2\/types\/product"}],"replies":[{"embeddable":true,"href":"https:\/\/oneday.berlin\/index.php?rest_route=%2Fwp%2Fv2%2Fcomments&post=457"}],"wp:featuredmedia":[{"embeddable":true,"href":"https:\/\/oneday.berlin\/index.php?rest_route=\/wp\/v2\/media\/458"}],"wp:attachment":[{"href":"https:\/\/oneday.berlin\/index.php?rest_route=%2Fwp%2Fv2%2Fmedia&parent=457"}],"wp:term":[{"taxonomy":"product_cat","embeddable":true,"href":"https:\/\/oneday.berlin\/index.php?rest_route=%2Fwp%2Fv2%2Fproduct_cat&post=457"},{"taxonomy":"product_tag","embeddable":true,"href":"https:\/\/oneday.berlin\/index.php?rest_route=%2Fwp%2Fv2%2Fproduct_tag&post=457"}],"curies":[{"name":"wp","href":"https:\/\/api.w.org\/{rel}","templated":true}]}}