{"id":682,"date":"2018-04-15T01:24:58","date_gmt":"2018-04-14T23:24:58","guid":{"rendered":"http:\/\/oneday.berlin\/?post_type=product&#038;p=682"},"modified":"2018-04-24T13:32:23","modified_gmt":"2018-04-24T11:32:23","slug":"zigarren-aschenbecher-individuell","status":"publish","type":"product","link":"https:\/\/oneday.berlin\/?product=zigarren-aschenbecher-individuell","title":{"rendered":"Zigarren Aschenbecher mit Ihrem Logo"},"content":{"rendered":"<p>Mit der Option Kauf, fordern sie lediglich ein Angebot ein und es entsteht nicht automatisch ein Rechtsgesch\u00e4ft, das eine Lieferung von Aschenbechern beinhaltet. Die angegebenen 5\u20ac werden nach Annahme eines von uns aktuellen Angebotes bei der abschlie\u00dfenden Rechnungsstellung verrechnet. Sollte es \u00a0zu keiner Order Ihrerseits kommen, werden die 5\u20ac nicht an Sie erstattet, sondern unserseits einer caritativen Einrichtung gespendet.<\/p>\n","protected":false},"excerpt":{"rendered":"<p>Gerne produzieren wir f\u00fcr Sie mit Ihrem Logo gebrandete Aschenbecher. Hierbei k\u00f6nnen Sie zwischen den farben WEI\u00df, GRAU und SCHWARZ w\u00e4hlen.<\/p>\n<p>Bitte nehmen Sie Kontakt mit uns auf, um Design und Menge abzustimmen, damit wir Ihnen ein individuelles Angebot machen k\u00f6nnen.<\/p>\n","protected":false},"featured_media":684,"comment_status":"open","ping_status":"closed","template":"","meta":[],"product_cat":[21,92],"product_tag":[89,91,90,24],"_links":{"self":[{"href":"https:\/\/oneday.berlin\/index.php?rest_route=\/wp\/v2\/product\/682"}],"collection":[{"href":"https:\/\/oneday.berlin\/index.php?rest_route=\/wp\/v2\/product"}],"about":[{"href":"https:\/\/oneday.berlin\/index.php?rest_route=\/wp\/v2\/types\/product"}],"replies":[{"embeddable":true,"href":"https:\/\/oneday.berlin\/index.php?rest_route=%2Fwp%2Fv2%2Fcomments&post=682"}],"wp:featuredmedia":[{"embeddable":true,"href":"https:\/\/oneday.berlin\/index.php?rest_route=\/wp\/v2\/media\/684"}],"wp:attachment":[{"href":"https:\/\/oneday.berlin\/index.php?rest_route=%2Fwp%2Fv2%2Fmedia&parent=682"}],"wp:term":[{"taxonomy":"product_cat","embeddable":true,"href":"https:\/\/oneday.berlin\/index.php?rest_route=%2Fwp%2Fv2%2Fproduct_cat&post=682"},{"taxonomy":"product_tag","embeddable":true,"href":"https:\/\/oneday.berlin\/index.php?rest_route=%2Fwp%2Fv2%2Fproduct_tag&post=682"}],"curies":[{"name":"wp","href":"https:\/\/api.w.org\/{rel}","templated":true}]}}