{"id":817,"date":"2018-07-02T16:16:30","date_gmt":"2018-07-02T14:16:30","guid":{"rendered":"http:\/\/oneday.berlin\/?post_type=product&#038;p=817"},"modified":"2020-12-18T15:54:27","modified_gmt":"2020-12-18T14:54:27","slug":"zigarrentube-roehre-tubo-akra-1x","status":"publish","type":"product","link":"https:\/\/oneday.berlin\/?product=zigarrentube-roehre-tubo-akra-1x","title":{"rendered":"Zigarrentube \/-r\u00f6hre (Tubo) Akra (1x)"},"content":{"rendered":"","protected":false},"excerpt":{"rendered":"<p>Die hier angebotene Schwarze Tube besteht aus Kunststoff und hat\u00a0die Innenmasse von 2,4 Zentimeter mal 15,5 Zentimeter im zusammengeschobenen Zustand. Sie besteht aus 2 Teilen die \u00fcbereinandergeschoben werden. Selbstverst\u00e4ndlich sind auch l\u00e4ngere Zigarren damit transportierbar, da die Tube auch auseinandergezogen noch sehr stabil ist.<\/p>\n","protected":false},"featured_media":820,"comment_status":"open","ping_status":"closed","template":"","meta":[],"product_cat":[21,127],"product_tag":[126],"_links":{"self":[{"href":"https:\/\/oneday.berlin\/index.php?rest_route=\/wp\/v2\/product\/817"}],"collection":[{"href":"https:\/\/oneday.berlin\/index.php?rest_route=\/wp\/v2\/product"}],"about":[{"href":"https:\/\/oneday.berlin\/index.php?rest_route=\/wp\/v2\/types\/product"}],"replies":[{"embeddable":true,"href":"https:\/\/oneday.berlin\/index.php?rest_route=%2Fwp%2Fv2%2Fcomments&post=817"}],"wp:featuredmedia":[{"embeddable":true,"href":"https:\/\/oneday.berlin\/index.php?rest_route=\/wp\/v2\/media\/820"}],"wp:attachment":[{"href":"https:\/\/oneday.berlin\/index.php?rest_route=%2Fwp%2Fv2%2Fmedia&parent=817"}],"wp:term":[{"taxonomy":"product_cat","embeddable":true,"href":"https:\/\/oneday.berlin\/index.php?rest_route=%2Fwp%2Fv2%2Fproduct_cat&post=817"},{"taxonomy":"product_tag","embeddable":true,"href":"https:\/\/oneday.berlin\/index.php?rest_route=%2Fwp%2Fv2%2Fproduct_tag&post=817"}],"curies":[{"name":"wp","href":"https:\/\/api.w.org\/{rel}","templated":true}]}}